{"id":1852,"date":"2018-02-08T11:50:50","date_gmt":"2018-02-08T10:50:50","guid":{"rendered":"https:\/\/www.wildlocker.at\/trade-terms\/"},"modified":"2019-05-30T10:34:52","modified_gmt":"2019-05-30T08:34:52","slug":"trade-terms","status":"publish","type":"page","link":"https:\/\/www.wildlocker.at\/en\/trade-terms\/","title":{"rendered":"Trade terms"},"content":{"rendered":"<p><span style=\"color: #000000;\"><strong>AGBs<\/strong><\/span><\/p>\n<p><span style=\"color: #000000;\"><strong>Allgemeine Gesch\u00e4ftsbedingungen der Faulhaber e.U.<\/strong><\/span><\/p>\n<p><span style=\"color: #000000;\"><strong>\u00a71 Geltung gegen\u00fcber Unternehmern und Begriffsdefinitionen<\/strong><\/span><\/p>\n<p><span style=\"color: #000000;\">(1) Die nachfolgenden Allgemeinen Gesch\u00e4ftsbedingungen gelten f\u00fcr alle Lieferungen zwischen uns und einem Verbraucher in ihrer zum Zeitpunkt der Bestellung g\u00fcltigen Fassung.<\/span><\/p>\n<p><span style=\"color: #000000;\">(2) \u201eVerbraucher\u201c in Sinne dieser Gesch\u00e4ftsbedingungen ist jede nat\u00fcrliche Person, die ein Rechtsgesch\u00e4ft zu einem Zwecke abschlie\u00dft, der weder ihrer gewerblichen noch ihrer selbst\u00e4ndigen beruflichen T\u00e4tigkeit zugerechnet werden kann.<\/span><\/p>\n<p><span style=\"color: #000000;\"><strong>\u00a72 Zustandekommen eines Vertrages, Speicherung des Vertragstextes<\/strong><\/span><\/p>\n<p><span style=\"color: #000000;\">(1) Die folgenden Regelungen \u00fcber den Vertragsabschluss gelten f\u00fcr Bestellungen \u00fcber unseren Internetshop http:\/\/www.wildlocker.at<\/span><\/p>\n<p><span style=\"color: #000000;\">(2) Im Falle des Vertragsschlusses kommt der Vertrag zustande mit:<\/span><\/p>\n<p><span style=\"color: #000000;\"><strong>Faulhaber Wildlocker<\/strong><\/span><\/p>\n<p><span style=\"color: #000000;\"><strong>Inh. Doroteya Ganchevski e.U.<\/strong><\/span><\/p>\n<p><span style=\"color: #000000;\">Waltenhofengasse 3\/3\/3005<\/span><\/p>\n<p><span style=\"color: #000000;\">1100 Wien<\/span><\/p>\n<p><span style=\"color: #000000;\">\u00d6sterreich<\/span><\/p>\n<p><span style=\"color: #000000;\"><strong>VAT\/UID:<\/strong>\u00a0ATU69778207<\/span><\/p>\n<p><span style=\"color: #000000;\">Tel.: +43 660 90 90 90 8<\/span><\/p>\n<p><span style=\"color: #000000;\">Email: office@wildlocker.at<\/span><\/p>\n<p><span style=\"color: #000000;\">Handelsgericht Wien<\/span><\/p>\n<p><span style=\"color: #000000;\">(3) Die Pr\u00e4sentation der Waren in unserem Internetshop stellt kein rechtlich bindendes Vertragsangebot unsererseits dar, sondern sind nur eine unverbindliche Aufforderungen an den Verbraucher, Waren zu bestellen. Mit der Bestellung der gew\u00fcnschten Ware gibt der Verbraucher ein f\u00fcr ihn verbindliches Angebot auf Abschluss eines Kaufvertrages ab.<\/span><\/p>\n<p><span style=\"color: #000000;\">(4) Bei Eingang einer Bestellung in unserem Internetshop gelten folgende Regelungen:<\/span><\/p>\n<p><span style=\"color: #000000;\">Der Verbraucher gibt ein bindendes Vertragsangebot ab, indem er die in unserem Internetshop vorgesehene Bestellprozedur erfolgreich durchl\u00e4uft.<\/span><\/p>\n<p><span style=\"color: #000000;\">Die Bestellung erfolgt in folgenden Schritten:<\/span><\/p>\n<p><span style=\"color: #000000;\">1) Auswahl der gew\u00fcnschten Ware<\/span><\/p>\n<p><span style=\"color: #000000;\">2) Best\u00e4tigen durch Anklicken der Buttons \u201eIn den Warenkorb\u201c<\/span><\/p>\n<p><span style=\"color: #000000;\">3) Pr\u00fcfung der Angaben im Warenkorb<\/span><\/p>\n<p><span style=\"color: #000000;\">4) Bet\u00e4tigung des Buttons \u201ezur Kasse\u201c<\/span><\/p>\n<p><span style=\"color: #000000;\">5) Anmeldung im Internetshop nach Registrierung und Eingabe der Anmelderangaben (E-Mail-Adresse und Passwort).<\/span><\/p>\n<p><span style=\"color: #000000;\">6) Nochmalige Pr\u00fcfung bzw. Berichtigung der jeweiligen eingegebenen Daten.<\/span><\/p>\n<p><span style=\"color: #000000;\">7) Verbindliche Absendung der Bestellung &#8220;zahlungspflichtig Bestellen&#8221;.<\/span><\/p>\n<p><span style=\"color: #000000;\">Der Verbraucher kann vor dem verbindlichen Absenden der Bestellung durch Bet\u00e4tigen der in dem von ihm verwendeten Internet-Browser enthaltenen \u201eZur\u00fcck\u201c-Taste nach<\/span><\/p>\n<p><span style=\"color: #000000;\">Kontrolle seiner Angaben wieder zu der Internetseite gelangen, auf der die Angaben des Kunden erfasst werden und Eingabefehler berichtigen bzw. durch Schlie\u00dfen des Internetbrowsers den Bestellvorgang abbrechen.<\/span><\/p>\n<p><span style=\"color: #000000;\">Wir best\u00e4tigen den Eingang der Bestellung unmittelbar durch eine automatisch generierte E-Mail (\u201eAuftragsbest\u00e4tigung\u201c). Mit dieser nehmen wir Ihr Angebot an.<\/span><\/p>\n<p><span style=\"color: #000000;\">(5) Speicherung des Vertragstextes bei Bestellungen \u00fcber unseren Internetshop: Wir speichern den Vertragstext und senden Ihnen die Bestelldaten und unsere AGB per E-Mail zu. Die AGB k\u00f6nnen Sie jederzeit auch unter\u00a0http:\/\/www.wildlocker.at\/de\/content\/3-allgemeine-geschaeftsbedingungen einsehen.<\/span><\/p>\n<p><span style=\"color: #000000;\">Ihre vergangenen Bestellungen k\u00f6nnen Sie in unserem Kunden-Bereich unter Mein Konto \u2013&gt; Meine Bestellungen einsehen.<\/span><\/p>\n<p><span style=\"color: #000000;\"><strong>\u00a73 Preise, Versandkosten, Zahlung, F\u00e4lligkeit<\/strong><\/span><\/p>\n<p><span style=\"color: #000000;\">(1) Die angegebenen Preise enthalten die gesetzliche Umsatzsteuer und sonstige Preisbestandteile. Hinzu kommen etwaige Versandkosten.<\/span><\/p>\n<p><span style=\"color: #000000;\">(2) Der Verbraucher hat die M\u00f6glichkeit der Zahlung per<\/span><\/p>\n<p><span style=\"color: #000000;\">Zahlung per Bank\u00fcberweisung (Vorkasse)<\/span><\/p>\n<p><span style=\"color: #000000;\"><em>Sofort \u00dcberweisung und PayPay ab September 2015<\/em><\/span><\/p>\n<p><span style=\"color: #000000;\">(3) Hat der Verbraucher die Zahlung per Vorkasse gew\u00e4hlt, so verpflichtet er sich, den Kaufpreis unverz\u00fcglich nach Vertragsschluss zu zahlen.<\/span><\/p>\n<p><span style=\"color: #000000;\"><strong>\u00a74 Lieferung<\/strong><\/span><\/p>\n<p><span style=\"color: #000000;\">(1) Sofern wir dies in der Produktbeschreibung nicht deutlich anders angegeben haben, sind alle von uns angebotenen Artikel sofort versandfertig.<\/span><\/p>\n<p><span style=\"color: #000000;\">(2) Hat der Verbraucher die Zahlung per Vorkasse gew\u00e4hlt, so versenden wir die Ware nicht vor Zahlungseingang.<\/span><\/p>\n<p><span style=\"color: #000000;\"><strong>\u00a75 Eigentumsvorbehalt<\/strong><\/span><\/p>\n<p><span style=\"color: #000000;\">Wir behalten uns das Eigentum an der Ware bis zur vollst\u00e4ndigen Bezahlung des Kaufpreises vor.<\/span><\/p>\n<p><span style=\"color: #000000;\"><strong>\u00a76 R\u00fcckgaberecht<\/strong><\/span><\/p>\n<p><span style=\"color: #000000;\">R\u00fcckgabebelehrung<\/span><\/p>\n<p><span style=\"color: #000000;\">R\u00fcckgaberecht<\/span><\/p>\n<p><span style=\"color: #000000;\">Sie k\u00f6nnen die erhaltene Ware ohne Angabe von Gr\u00fcnden innerhalb von 14 Tagen durch R\u00fccksendung der Ware zur\u00fcckgeben. Die Frist beginnt nach Erhalt dieser Belehrung in Textform (z.B. als Brief, Fax, E-Mail), jedoch nicht vor Eingang der Ware beim Empf\u00e4nger (bei der wiederkehrenden Lieferung gleichartiger Waren nicht vor Eingang der ersten Teillieferung) und auch nicht vor Erf\u00fcllung unserer Informationspflichten gem\u00e4\u00df Artikel 246 \u00a7 2 in Verbindung mit \u00a7 1 Abs. 1 und 2 EGBGB sowie unserer Pflichten gem\u00e4\u00df \u00a7 312g Abs. 1 Satz 1 BGB in Verbindung mit Artikel 246 \u00a7 3 EGBGB. Nur bei nicht paketversandf\u00e4higer Ware (z.B. bei sperrigen G\u00fctern) k\u00f6nnen Sie die R\u00fcckgabe auch durch R\u00fccknahmeverlangen in Textform erkl\u00e4ren.<\/span><\/p>\n<p><span style=\"color: #000000;\">Zur Wahrung der Frist gen\u00fcgt die rechtzeitige Absendung der Ware oder des R\u00fccknahmeverlangens. In jedem Fall erfolgt die R\u00fccksendung auf unsere Kosten und Gefahr.<\/span><\/p>\n<p><span style=\"color: #000000;\">Die R\u00fccksendung oder das R\u00fccknahmeverlangen hat zu erfolgen an:<\/span><\/p>\n<p><span style=\"color: #000000;\">Waltenhofengasse 3\/3\/3005, 1100 Wien. \u00d6sterreich<\/span><\/p>\n<p><span style=\"color: #000000;\">E-Mail: office@wildlocker.at<\/span><\/p>\n<p><span style=\"color: #000000;\">Tel.: +43 660 90 90 90 8<\/span><\/p>\n<p><span style=\"color: #000000;\">R\u00fcckgabefolgen<\/span><\/p>\n<p><span style=\"color: #000000;\">Im Falle einer wirksamen R\u00fcckgabe sind die beiderseits empfangenen Leistungen zur\u00fcckgew\u00e4hren und ggf. gezogene Nutzungen herauszugeben. Bei einer Verschlechterung der Sache und f\u00fcr Nutzungen (z.B. Gebrauchsvorteile), die nicht oder teilweise nicht oder nur im verschlechtertem Zustand herausgegeben werden k\u00f6nnen, m\u00fcssen Sie uns insoweit Wertersatz leisten. F\u00fcr die Verschlechterung der Sache m\u00fcssen Sie Wertersatz nur leisten, soweit die Verschlechterung auf einen Umgang mit der Sache zur\u00fcckzuf\u00fchren ist, der \u00fcber die Pr\u00fcfung der Eigenschaften und der Funktionsweise hinausgeht.<\/span><\/p>\n<p><span style=\"color: #000000;\">Unter \u201ePr\u00fcfung der Eigenschaften und Funktionsweise\u201c versteht man das Testen und Ausprobieren der jeweiligen Ware, wie es etwa im Ladengesch\u00e4ft m\u00f6glich und \u00fcblich ist. Verpflichtungen zur Erstattung von Zahlungen m\u00fcssen innerhalb von 30 Tagen erf\u00fcllt werden. Die Frist beginnt f\u00fcr Sie mit der Absendung der Ware oder des R\u00fccknahmeverlangens, f\u00fcr uns mit dem Empfang.<\/span><\/p>\n<p><span style=\"color: #000000;\">Ende der R\u00fcckgabebelehrung<\/span><\/p>\n<p><span style=\"color: #000000;\"><strong>\u00a77 Vertragsprache<\/strong><\/span><\/p>\n<p><span style=\"color: #000000;\">Als Vertragssprache steht ausschlie\u00dflich Deutsch zur Verf\u00fcgung.<\/span><\/p>\n<p><span style=\"color: #000000;\"><strong>\u00a78 Haftungsbeschr\u00e4nkung<\/strong><\/span><\/p>\n<p><span style=\"color: #000000;\">Au\u00dferhalb der Reichweite von Kindern lagern, die Wildlocker sind kein Spielzeug!<\/span><\/p>\n<p><span style=\"color: #000000;\"><strong>\u00a79 Kundendienst<\/strong><\/span><\/p>\n<p><span style=\"color: #000000;\">Unser Kundendienst f\u00fcr Fragen, Reklamationen und Beanstandungen steht Ihnen werktags von<\/span><\/p>\n<p><span style=\"color: #000000;\">9:00 Uhr bis 18:00 Uhr unter<\/span><\/p>\n<p><span style=\"color: #000000;\">Telefon: +43 660 90 90 90 8<\/span><\/p>\n<p><span style=\"color: #000000;\">E-Mail: office@wildlocker.at<\/span><\/p>\n<p><span style=\"color: #000000;\">zur Verf\u00fcgung.<\/span><\/p>\n<p><span style=\"color: #000000;\">Stand der AGBs Okt. 2015<\/span><\/p>\n","protected":false},"excerpt":{"rendered":"<p>AGBs Allgemeine Gesch\u00e4ftsbedingungen der Faulhaber e.U. \u00a71 Geltung gegen\u00fcber Unternehmern und Begriffsdefinitionen (1) Die nachfolgenden Allgemeinen Gesch\u00e4ftsbedingungen gelten f\u00fcr alle Lieferungen zwischen uns und einem Verbraucher in ihrer zum Zeitpunkt der Bestellung g\u00fcltigen Fassung. (2) \u201eVerbraucher\u201c in Sinne dieser Gesch\u00e4ftsbedingungen ist jede nat\u00fcrliche Person, die ein Rechtsgesch\u00e4ft zu einem Zwecke abschlie\u00dft, der weder ihrer gewerblichen [&hellip;]<\/p>\n","protected":false},"author":1,"featured_media":0,"parent":0,"menu_order":2,"comment_status":"closed","ping_status":"closed","template":"","meta":{"ocean_post_layout":"","ocean_both_sidebars_style":"","ocean_both_sidebars_content_width":0,"ocean_both_sidebars_sidebars_width":0,"ocean_sidebar":"","ocean_second_sidebar":"","ocean_disable_margins":"enable","ocean_add_body_class":"","ocean_shortcode_before_top_bar":"","ocean_shortcode_after_top_bar":"","ocean_shortcode_before_header":"","ocean_shortcode_after_header":"","ocean_has_shortcode":"","ocean_shortcode_after_title":"","ocean_shortcode_before_footer_widgets":"","ocean_shortcode_after_footer_widgets":"","ocean_shortcode_before_footer_bottom":"","ocean_shortcode_after_footer_bottom":"","ocean_display_top_bar":"default","ocean_display_header":"default","ocean_header_style":"","ocean_center_header_left_menu":"","ocean_custom_header_template":"","ocean_custom_logo":0,"ocean_custom_retina_logo":0,"ocean_custom_logo_max_width":0,"ocean_custom_logo_tablet_max_width":0,"ocean_custom_logo_mobile_max_width":0,"ocean_custom_logo_max_height":0,"ocean_custom_logo_tablet_max_height":0,"ocean_custom_logo_mobile_max_height":0,"ocean_header_custom_menu":"","ocean_menu_typo_font_family":"","ocean_menu_typo_font_subset":"","ocean_menu_typo_font_size":0,"ocean_menu_typo_font_size_tablet":0,"ocean_menu_typo_font_size_mobile":0,"ocean_menu_typo_font_size_unit":"px","ocean_menu_typo_font_weight":"","ocean_menu_typo_font_weight_tablet":"","ocean_menu_typo_font_weight_mobile":"","ocean_menu_typo_transform":"","ocean_menu_typo_transform_tablet":"","ocean_menu_typo_transform_mobile":"","ocean_menu_typo_line_height":0,"ocean_menu_typo_line_height_tablet":0,"ocean_menu_typo_line_height_mobile":0,"ocean_menu_typo_line_height_unit":"","ocean_menu_typo_spacing":0,"ocean_menu_typo_spacing_tablet":0,"ocean_menu_typo_spacing_mobile":0,"ocean_menu_typo_spacing_unit":"","ocean_menu_link_color":"","ocean_menu_link_color_hover":"","ocean_menu_link_color_active":"","ocean_menu_link_background":"","ocean_menu_link_hover_background":"","ocean_menu_link_active_background":"","ocean_menu_social_links_bg":"","ocean_menu_social_hover_links_bg":"","ocean_menu_social_links_color":"","ocean_menu_social_hover_links_color":"","ocean_disable_title":"default","ocean_disable_heading":"default","ocean_post_title":"","ocean_post_subheading":"","ocean_post_title_style":"","ocean_post_title_background_color":"","ocean_post_title_background":0,"ocean_post_title_bg_image_position":"","ocean_post_title_bg_image_attachment":"","ocean_post_title_bg_image_repeat":"","ocean_post_title_bg_image_size":"","ocean_post_title_height":0,"ocean_post_title_bg_overlay":0.5,"ocean_post_title_bg_overlay_color":"","ocean_disable_breadcrumbs":"default","ocean_breadcrumbs_color":"","ocean_breadcrumbs_separator_color":"","ocean_breadcrumbs_links_color":"","ocean_breadcrumbs_links_hover_color":"","ocean_display_footer_widgets":"default","ocean_display_footer_bottom":"default","ocean_custom_footer_template":"","osh_disable_topbar_sticky":"default","osh_disable_header_sticky":"default","osh_sticky_header_style":"default","osh_sticky_header_effect":"","osh_custom_sticky_logo":0,"osh_custom_retina_sticky_logo":0,"osh_custom_sticky_logo_height":0,"osh_background_color":"","osh_links_color":"","osh_links_hover_color":"","osh_links_active_color":"","osh_links_bg_color":"","osh_links_hover_bg_color":"","osh_links_active_bg_color":"","osh_menu_social_links_color":"","osh_menu_social_hover_links_color":"","footnotes":""},"class_list":["post-1852","page","type-page","status-publish","hentry","entry","owp-thumbs-layout-horizontal","owp-btn-normal","owp-tabs-layout-horizontal","has-no-thumbnails"],"yoast_head":"<!-- This site is optimized with the Yoast SEO plugin v27.4 - https:\/\/yoast.com\/product\/yoast-seo-wordpress\/ -->\n<title>Trade terms<\/title>\n<meta name=\"description\" content=\"Trade terms\" \/>\n<meta name=\"robots\" content=\"index, follow, max-snippet:-1, max-image-preview:large, max-video-preview:-1\" \/>\n<link rel=\"canonical\" href=\"https:\/\/www.wildlocker.at\/en\/trade-terms\/\" \/>\n<meta property=\"og:locale\" content=\"en_US\" \/>\n<meta property=\"og:type\" content=\"article\" \/>\n<meta property=\"og:title\" content=\"Trade terms\" \/>\n<meta property=\"og:description\" content=\"Trade terms\" \/>\n<meta property=\"og:url\" content=\"https:\/\/www.wildlocker.at\/en\/trade-terms\/\" \/>\n<meta property=\"og:site_name\" content=\"FAULHABER Wildlocker \/ Game Calls\" \/>\n<meta property=\"article:publisher\" content=\"https:\/\/www.facebook.com\/Faulhaber.Wildlocker\/\" \/>\n<meta property=\"article:modified_time\" content=\"2019-05-30T08:34:52+00:00\" \/>\n<meta name=\"twitter:card\" content=\"summary_large_image\" \/>\n<meta name=\"twitter:label1\" content=\"Est. reading time\" \/>\n\t<meta name=\"twitter:data1\" content=\"4 minutes\" \/>\n<script type=\"application\/ld+json\" class=\"yoast-schema-graph\">{\"@context\":\"https:\\\/\\\/schema.org\",\"@graph\":[{\"@type\":\"WebPage\",\"@id\":\"https:\\\/\\\/www.wildlocker.at\\\/en\\\/trade-terms\\\/\",\"url\":\"https:\\\/\\\/www.wildlocker.at\\\/en\\\/trade-terms\\\/\",\"name\":\"Trade terms\",\"isPartOf\":{\"@id\":\"https:\\\/\\\/www.wildlocker.at\\\/#website\"},\"datePublished\":\"2018-02-08T10:50:50+00:00\",\"dateModified\":\"2019-05-30T08:34:52+00:00\",\"description\":\"Trade terms\",\"breadcrumb\":{\"@id\":\"https:\\\/\\\/www.wildlocker.at\\\/en\\\/trade-terms\\\/#breadcrumb\"},\"inLanguage\":\"en-US\",\"potentialAction\":[{\"@type\":\"ReadAction\",\"target\":[\"https:\\\/\\\/www.wildlocker.at\\\/en\\\/trade-terms\\\/\"]}]},{\"@type\":\"BreadcrumbList\",\"@id\":\"https:\\\/\\\/www.wildlocker.at\\\/en\\\/trade-terms\\\/#breadcrumb\",\"itemListElement\":[{\"@type\":\"ListItem\",\"position\":1,\"name\":\"Startseite\",\"item\":\"https:\\\/\\\/www.wildlocker.at\\\/en\\\/\"},{\"@type\":\"ListItem\",\"position\":2,\"name\":\"Trade terms\"}]},{\"@type\":\"WebSite\",\"@id\":\"https:\\\/\\\/www.wildlocker.at\\\/#website\",\"url\":\"https:\\\/\\\/www.wildlocker.at\\\/\",\"name\":\"FAULHABER Wildlocker \\\/ Game Calls\",\"description\":\"Onlineshop\",\"publisher\":{\"@id\":\"https:\\\/\\\/www.wildlocker.at\\\/#organization\"},\"potentialAction\":[{\"@type\":\"SearchAction\",\"target\":{\"@type\":\"EntryPoint\",\"urlTemplate\":\"https:\\\/\\\/www.wildlocker.at\\\/?s={search_term_string}\"},\"query-input\":{\"@type\":\"PropertyValueSpecification\",\"valueRequired\":true,\"valueName\":\"search_term_string\"}}],\"inLanguage\":\"en-US\"},{\"@type\":\"Organization\",\"@id\":\"https:\\\/\\\/www.wildlocker.at\\\/#organization\",\"name\":\"FAULHABER Wildlocker\",\"url\":\"https:\\\/\\\/www.wildlocker.at\\\/\",\"logo\":{\"@type\":\"ImageObject\",\"inLanguage\":\"en-US\",\"@id\":\"https:\\\/\\\/www.wildlocker.at\\\/#\\\/schema\\\/logo\\\/image\\\/\",\"url\":\"https:\\\/\\\/www.wildlocker.at\\\/wp-content\\\/uploads\\\/2017\\\/09\\\/logo_faulhaber-1.png\",\"contentUrl\":\"https:\\\/\\\/www.wildlocker.at\\\/wp-content\\\/uploads\\\/2017\\\/09\\\/logo_faulhaber-1.png\",\"width\":272,\"height\":110,\"caption\":\"FAULHABER Wildlocker\"},\"image\":{\"@id\":\"https:\\\/\\\/www.wildlocker.at\\\/#\\\/schema\\\/logo\\\/image\\\/\"},\"sameAs\":[\"https:\\\/\\\/www.facebook.com\\\/Faulhaber.Wildlocker\\\/\"]}]}<\/script>\n<!-- \/ Yoast SEO plugin. -->","yoast_head_json":{"title":"Trade terms","description":"Trade terms","robots":{"index":"index","follow":"follow","max-snippet":"max-snippet:-1","max-image-preview":"max-image-preview:large","max-video-preview":"max-video-preview:-1"},"canonical":"https:\/\/www.wildlocker.at\/en\/trade-terms\/","og_locale":"en_US","og_type":"article","og_title":"Trade terms","og_description":"Trade terms","og_url":"https:\/\/www.wildlocker.at\/en\/trade-terms\/","og_site_name":"FAULHABER Wildlocker \/ Game Calls","article_publisher":"https:\/\/www.facebook.com\/Faulhaber.Wildlocker\/","article_modified_time":"2019-05-30T08:34:52+00:00","twitter_card":"summary_large_image","twitter_misc":{"Est. reading time":"4 minutes"},"schema":{"@context":"https:\/\/schema.org","@graph":[{"@type":"WebPage","@id":"https:\/\/www.wildlocker.at\/en\/trade-terms\/","url":"https:\/\/www.wildlocker.at\/en\/trade-terms\/","name":"Trade terms","isPartOf":{"@id":"https:\/\/www.wildlocker.at\/#website"},"datePublished":"2018-02-08T10:50:50+00:00","dateModified":"2019-05-30T08:34:52+00:00","description":"Trade terms","breadcrumb":{"@id":"https:\/\/www.wildlocker.at\/en\/trade-terms\/#breadcrumb"},"inLanguage":"en-US","potentialAction":[{"@type":"ReadAction","target":["https:\/\/www.wildlocker.at\/en\/trade-terms\/"]}]},{"@type":"BreadcrumbList","@id":"https:\/\/www.wildlocker.at\/en\/trade-terms\/#breadcrumb","itemListElement":[{"@type":"ListItem","position":1,"name":"Startseite","item":"https:\/\/www.wildlocker.at\/en\/"},{"@type":"ListItem","position":2,"name":"Trade terms"}]},{"@type":"WebSite","@id":"https:\/\/www.wildlocker.at\/#website","url":"https:\/\/www.wildlocker.at\/","name":"FAULHABER Wildlocker \/ Game Calls","description":"Onlineshop","publisher":{"@id":"https:\/\/www.wildlocker.at\/#organization"},"potentialAction":[{"@type":"SearchAction","target":{"@type":"EntryPoint","urlTemplate":"https:\/\/www.wildlocker.at\/?s={search_term_string}"},"query-input":{"@type":"PropertyValueSpecification","valueRequired":true,"valueName":"search_term_string"}}],"inLanguage":"en-US"},{"@type":"Organization","@id":"https:\/\/www.wildlocker.at\/#organization","name":"FAULHABER Wildlocker","url":"https:\/\/www.wildlocker.at\/","logo":{"@type":"ImageObject","inLanguage":"en-US","@id":"https:\/\/www.wildlocker.at\/#\/schema\/logo\/image\/","url":"https:\/\/www.wildlocker.at\/wp-content\/uploads\/2017\/09\/logo_faulhaber-1.png","contentUrl":"https:\/\/www.wildlocker.at\/wp-content\/uploads\/2017\/09\/logo_faulhaber-1.png","width":272,"height":110,"caption":"FAULHABER Wildlocker"},"image":{"@id":"https:\/\/www.wildlocker.at\/#\/schema\/logo\/image\/"},"sameAs":["https:\/\/www.facebook.com\/Faulhaber.Wildlocker\/"]}]}},"_links":{"self":[{"href":"https:\/\/www.wildlocker.at\/en\/wp-json\/wp\/v2\/pages\/1852","targetHints":{"allow":["GET"]}}],"collection":[{"href":"https:\/\/www.wildlocker.at\/en\/wp-json\/wp\/v2\/pages"}],"about":[{"href":"https:\/\/www.wildlocker.at\/en\/wp-json\/wp\/v2\/types\/page"}],"author":[{"embeddable":true,"href":"https:\/\/www.wildlocker.at\/en\/wp-json\/wp\/v2\/users\/1"}],"replies":[{"embeddable":true,"href":"https:\/\/www.wildlocker.at\/en\/wp-json\/wp\/v2\/comments?post=1852"}],"version-history":[{"count":2,"href":"https:\/\/www.wildlocker.at\/en\/wp-json\/wp\/v2\/pages\/1852\/revisions"}],"predecessor-version":[{"id":3906,"href":"https:\/\/www.wildlocker.at\/en\/wp-json\/wp\/v2\/pages\/1852\/revisions\/3906"}],"wp:attachment":[{"href":"https:\/\/www.wildlocker.at\/en\/wp-json\/wp\/v2\/media?parent=1852"}],"curies":[{"name":"wp","href":"https:\/\/api.w.org\/{rel}","templated":true}]}}