{"id":997,"date":"2015-06-20T15:00:47","date_gmt":"2015-06-20T13:00:47","guid":{"rendered":"https:\/\/www.wildlocker.at\/wp\/produkt\/faulhaber-crow-set\/"},"modified":"2025-09-19T10:57:08","modified_gmt":"2025-09-19T08:57:08","slug":"faulhaber-crow-set","status":"publish","type":"product","link":"https:\/\/www.wildlocker.at\/en\/product\/faulhaber-crow-set\/","title":{"rendered":"FAULHABER crow set calls &#8211; in a set of two NEW"},"content":{"rendered":"","protected":false},"excerpt":{"rendered":"<p><strong>Delivery time:<\/strong> 2-7 days<br \/>\n<strong>100% Made in Austria\u00a0 \u00a0 \u00a0 \u00a0 \u00a0 \u00a0 \u00a0 \u00a0 \u00a0 \u00a0 \u00a0 \u00a0 \u00a0 \u00a0 \u00a0 \u00a0 <span style=\"color: #339966;\">\u00a0 <\/span><a href=\"https:\/\/www.wildlocker.at\/wp-content\/uploads\/2015\/06\/26-Crow-Set-Kraehenjagd-Garnitur-A5-EN.-2021-mit-EN.pdf\" target=\"_blank\" rel=\"noopener\"><span style=\"color: #339966;\">Download<\/span><\/a><br \/>\n<span style=\"color: #339966;\">In stock<\/span><\/strong><\/p>\n<hr \/>\n<p><strong>Color: <\/strong>black and army green\/light green<br \/>\n<strong>Material: <\/strong>acoustic synthetic alloy, in a weatherproof casing<\/p>\n<p>The FAULHABER crow set combines the two above-mentioned calls, and the explicit instructions show how to change hunting posts at will. Not without reason, it is called an \u201cowl hut in your pocket&#8221;.<\/p>\n<p>The <a href=\"https:\/\/www.wildlocker.at\/wp\/produkt\/faulhaber-krahenruf\/\">crow call<\/a> (Nebelkr\u00e4he) imitates the two most important signals, i.e. the &#8220;rest call&#8221; and the &#8220;signal call&#8221;. These are extensively described in the information brochure. As the use of crow calls alone is sometimes not enough to attain the wanted results and based on the fact that daylight birds of prey are adversaries of nocturnal birds of prey.<\/p>\n<p>The <a href=\"https:\/\/www.wildlocker.at\/wp\/produkt\/faulhaber-steinkauzruf\/\">tawny owl call<\/a> (Steinkauz) was developed on demand of our customers. Its startling results in crows, approaching to hunt their enemy, enable the hunter to continue to attract crows when the use of the crow&#8217;s call alone is not possible any longer as crows are already in the vicinity. The detailed instructions give useful hints.<\/p>\n<p>&nbsp;<\/p>\n","protected":false},"featured_media":2856,"comment_status":"open","ping_status":"closed","template":"","meta":{"ocean_post_layout":"","ocean_both_sidebars_style":"","ocean_both_sidebars_content_width":0,"ocean_both_sidebars_sidebars_width":0,"ocean_sidebar":"0","ocean_second_sidebar":"0","ocean_disable_margins":"enable","ocean_add_body_class":"","ocean_shortcode_before_top_bar":"","ocean_shortcode_after_top_bar":"","ocean_shortcode_before_header":"","ocean_shortcode_after_header":"","ocean_has_shortcode":"","ocean_shortcode_after_title":"","ocean_shortcode_before_footer_widgets":"","ocean_shortcode_after_footer_widgets":"","ocean_shortcode_before_footer_bottom":"","ocean_shortcode_after_footer_bottom":"","ocean_display_top_bar":"default","ocean_display_header":"default","ocean_header_style":"","ocean_center_header_left_menu":"0","ocean_custom_header_template":"0","ocean_custom_logo":0,"ocean_custom_retina_logo":0,"ocean_custom_logo_max_width":0,"ocean_custom_logo_tablet_max_width":0,"ocean_custom_logo_mobile_max_width":0,"ocean_custom_logo_max_height":0,"ocean_custom_logo_tablet_max_height":0,"ocean_custom_logo_mobile_max_height":0,"ocean_header_custom_menu":"0","ocean_menu_typo_font_family":"0","ocean_menu_typo_font_subset":"","ocean_menu_typo_font_size":0,"ocean_menu_typo_font_size_tablet":0,"ocean_menu_typo_font_size_mobile":0,"ocean_menu_typo_font_size_unit":"px","ocean_menu_typo_font_weight":"","ocean_menu_typo_font_weight_tablet":"","ocean_menu_typo_font_weight_mobile":"","ocean_menu_typo_transform":"","ocean_menu_typo_transform_tablet":"","ocean_menu_typo_transform_mobile":"","ocean_menu_typo_line_height":0,"ocean_menu_typo_line_height_tablet":0,"ocean_menu_typo_line_height_mobile":0,"ocean_menu_typo_line_height_unit":"","ocean_menu_typo_spacing":0,"ocean_menu_typo_spacing_tablet":0,"ocean_menu_typo_spacing_mobile":0,"ocean_menu_typo_spacing_unit":"","ocean_menu_link_color":"","ocean_menu_link_color_hover":"","ocean_menu_link_color_active":"","ocean_menu_link_background":"","ocean_menu_link_hover_background":"","ocean_menu_link_active_background":"","ocean_menu_social_links_bg":"","ocean_menu_social_hover_links_bg":"","ocean_menu_social_links_color":"","ocean_menu_social_hover_links_color":"","ocean_disable_title":"default","ocean_disable_heading":"default","ocean_post_title":"","ocean_post_subheading":"","ocean_post_title_style":"","ocean_post_title_background_color":"","ocean_post_title_background":0,"ocean_post_title_bg_image_position":"","ocean_post_title_bg_image_attachment":"","ocean_post_title_bg_image_repeat":"","ocean_post_title_bg_image_size":"","ocean_post_title_height":0,"ocean_post_title_bg_overlay":0.5,"ocean_post_title_bg_overlay_color":"","ocean_disable_breadcrumbs":"default","ocean_breadcrumbs_color":"","ocean_breadcrumbs_separator_color":"","ocean_breadcrumbs_links_color":"","ocean_breadcrumbs_links_hover_color":"","ocean_display_footer_widgets":"default","ocean_display_footer_bottom":"default","ocean_custom_footer_template":"0","osh_disable_topbar_sticky":"default","osh_disable_header_sticky":"default","osh_sticky_header_style":"default","osh_sticky_header_effect":"","osh_custom_sticky_logo":0,"osh_custom_retina_sticky_logo":0,"osh_custom_sticky_logo_height":0,"osh_background_color":"","osh_links_color":"","osh_links_hover_color":"","osh_links_active_color":"","osh_links_bg_color":"","osh_links_hover_bg_color":"","osh_links_active_bg_color":"","osh_menu_social_links_color":"","osh_menu_social_hover_links_color":""},"product_brand":[],"product_cat":[144,138],"product_tag":[],"class_list":{"0":"post-997","1":"product","2":"type-product","3":"status-publish","4":"has-post-thumbnail","6":"product_cat-crow-call","7":"product_cat-sets","9":"entry","10":"has-media","12":"first","13":"instock","14":"taxable","15":"shipping-taxable","16":"purchasable","17":"product-type-simple","18":"col","19":"span_1_of_3","20":"owp-content-center","21":"owp-thumbs-layout-horizontal","22":"owp-btn-normal","23":"owp-tabs-layout-horizontal"},"yoast_head":"<!-- This site is optimized with the Yoast SEO plugin v26.4 - https:\/\/yoast.com\/wordpress\/plugins\/seo\/ -->\n<title>Faulhaber Crow set calls<\/title>\n<meta name=\"description\" content=\"Faulhaber Crow set calls\" \/>\n<meta name=\"robots\" content=\"index, follow, max-snippet:-1, max-image-preview:large, max-video-preview:-1\" \/>\n<link rel=\"canonical\" href=\"https:\/\/www.wildlocker.at\/en\/product\/faulhaber-crow-set\/\" \/>\n<meta property=\"og:locale\" content=\"en_US\" \/>\n<meta property=\"og:type\" content=\"article\" \/>\n<meta property=\"og:title\" content=\"Faulhaber Crow set calls\" \/>\n<meta property=\"og:description\" content=\"Faulhaber Crow set calls\" \/>\n<meta property=\"og:url\" content=\"https:\/\/www.wildlocker.at\/en\/product\/faulhaber-crow-set\/\" \/>\n<meta property=\"og:site_name\" content=\"FAULHABER Wildlocker \/ Game Calls\" \/>\n<meta property=\"article:publisher\" content=\"https:\/\/www.facebook.com\/Faulhaber.Wildlocker\/\" \/>\n<meta property=\"article:modified_time\" content=\"2025-09-19T08:57:08+00:00\" \/>\n<meta property=\"og:image\" content=\"https:\/\/www.wildlocker.at\/wp-content\/uploads\/2015\/06\/faulhaber-wildlocker-kr\u00e4henjagd-garnitur-im-2er-set-nebelkr\u00e4henruf-steinkauzruf-rabenv\u00f6geljagd-kr\u00e4henlocker-Kr\u00e4henruf-profi-lockjagd-web.jpg\" \/>\n\t<meta property=\"og:image:width\" content=\"800\" \/>\n\t<meta property=\"og:image:height\" content=\"800\" \/>\n\t<meta property=\"og:image:type\" content=\"image\/jpeg\" \/>\n<meta name=\"twitter:card\" content=\"summary_large_image\" \/>\n<meta name=\"twitter:label1\" content=\"Est. reading time\" \/>\n\t<meta name=\"twitter:data1\" content=\"1 minute\" \/>\n<script type=\"application\/ld+json\" class=\"yoast-schema-graph\">{\"@context\":\"https:\/\/schema.org\",\"@graph\":[{\"@type\":\"WebPage\",\"@id\":\"https:\/\/www.wildlocker.at\/en\/product\/faulhaber-crow-set\/\",\"url\":\"https:\/\/www.wildlocker.at\/en\/product\/faulhaber-crow-set\/\",\"name\":\"Faulhaber Crow set calls\",\"isPartOf\":{\"@id\":\"https:\/\/www.wildlocker.at\/#website\"},\"primaryImageOfPage\":{\"@id\":\"https:\/\/www.wildlocker.at\/en\/product\/faulhaber-crow-set\/#primaryimage\"},\"image\":{\"@id\":\"https:\/\/www.wildlocker.at\/en\/product\/faulhaber-crow-set\/#primaryimage\"},\"thumbnailUrl\":\"https:\/\/www.wildlocker.at\/wp-content\/uploads\/2015\/06\/faulhaber-wildlocker-kr\u00e4henjagd-garnitur-im-2er-set-nebelkr\u00e4henruf-steinkauzruf-rabenv\u00f6geljagd-kr\u00e4henlocker-Kr\u00e4henruf-profi-lockjagd-web.jpg\",\"datePublished\":\"2015-06-20T13:00:47+00:00\",\"dateModified\":\"2025-09-19T08:57:08+00:00\",\"description\":\"Faulhaber Crow set calls\",\"breadcrumb\":{\"@id\":\"https:\/\/www.wildlocker.at\/en\/product\/faulhaber-crow-set\/#breadcrumb\"},\"inLanguage\":\"en-US\",\"potentialAction\":[{\"@type\":\"ReadAction\",\"target\":[\"https:\/\/www.wildlocker.at\/en\/product\/faulhaber-crow-set\/\"]}]},{\"@type\":\"ImageObject\",\"inLanguage\":\"en-US\",\"@id\":\"https:\/\/www.wildlocker.at\/en\/product\/faulhaber-crow-set\/#primaryimage\",\"url\":\"https:\/\/www.wildlocker.at\/wp-content\/uploads\/2015\/06\/faulhaber-wildlocker-kr\u00e4henjagd-garnitur-im-2er-set-nebelkr\u00e4henruf-steinkauzruf-rabenv\u00f6geljagd-kr\u00e4henlocker-Kr\u00e4henruf-profi-lockjagd-web.jpg\",\"contentUrl\":\"https:\/\/www.wildlocker.at\/wp-content\/uploads\/2015\/06\/faulhaber-wildlocker-kr\u00e4henjagd-garnitur-im-2er-set-nebelkr\u00e4henruf-steinkauzruf-rabenv\u00f6geljagd-kr\u00e4henlocker-Kr\u00e4henruf-profi-lockjagd-web.jpg\",\"width\":800,\"height\":800},{\"@type\":\"BreadcrumbList\",\"@id\":\"https:\/\/www.wildlocker.at\/en\/product\/faulhaber-crow-set\/#breadcrumb\",\"itemListElement\":[{\"@type\":\"ListItem\",\"position\":1,\"name\":\"Startseite\",\"item\":\"https:\/\/www.wildlocker.at\/en\/\"},{\"@type\":\"ListItem\",\"position\":2,\"name\":\"Shop\",\"item\":\"https:\/\/www.wildlocker.at\/shop\/\"},{\"@type\":\"ListItem\",\"position\":3,\"name\":\"FAULHABER crow set calls &#8211; in a set of two NEW\"}]},{\"@type\":\"WebSite\",\"@id\":\"https:\/\/www.wildlocker.at\/#website\",\"url\":\"https:\/\/www.wildlocker.at\/\",\"name\":\"FAULHABER Wildlocker \/ Game Calls\",\"description\":\"Onlineshop\",\"publisher\":{\"@id\":\"https:\/\/www.wildlocker.at\/#organization\"},\"potentialAction\":[{\"@type\":\"SearchAction\",\"target\":{\"@type\":\"EntryPoint\",\"urlTemplate\":\"https:\/\/www.wildlocker.at\/?s={search_term_string}\"},\"query-input\":{\"@type\":\"PropertyValueSpecification\",\"valueRequired\":true,\"valueName\":\"search_term_string\"}}],\"inLanguage\":\"en-US\"},{\"@type\":\"Organization\",\"@id\":\"https:\/\/www.wildlocker.at\/#organization\",\"name\":\"FAULHABER Wildlocker\",\"url\":\"https:\/\/www.wildlocker.at\/\",\"logo\":{\"@type\":\"ImageObject\",\"inLanguage\":\"en-US\",\"@id\":\"https:\/\/www.wildlocker.at\/#\/schema\/logo\/image\/\",\"url\":\"https:\/\/www.wildlocker.at\/wp-content\/uploads\/2017\/09\/logo_faulhaber-1.png\",\"contentUrl\":\"https:\/\/www.wildlocker.at\/wp-content\/uploads\/2017\/09\/logo_faulhaber-1.png\",\"width\":272,\"height\":110,\"caption\":\"FAULHABER Wildlocker\"},\"image\":{\"@id\":\"https:\/\/www.wildlocker.at\/#\/schema\/logo\/image\/\"},\"sameAs\":[\"https:\/\/www.facebook.com\/Faulhaber.Wildlocker\/\"]}]}<\/script>\n<!-- \/ Yoast SEO plugin. -->","yoast_head_json":{"title":"Faulhaber Crow set calls","description":"Faulhaber Crow set calls","robots":{"index":"index","follow":"follow","max-snippet":"max-snippet:-1","max-image-preview":"max-image-preview:large","max-video-preview":"max-video-preview:-1"},"canonical":"https:\/\/www.wildlocker.at\/en\/product\/faulhaber-crow-set\/","og_locale":"en_US","og_type":"article","og_title":"Faulhaber Crow set calls","og_description":"Faulhaber Crow set calls","og_url":"https:\/\/www.wildlocker.at\/en\/product\/faulhaber-crow-set\/","og_site_name":"FAULHABER Wildlocker \/ Game Calls","article_publisher":"https:\/\/www.facebook.com\/Faulhaber.Wildlocker\/","article_modified_time":"2025-09-19T08:57:08+00:00","og_image":[{"width":800,"height":800,"url":"https:\/\/www.wildlocker.at\/wp-content\/uploads\/2015\/06\/faulhaber-wildlocker-kr\u00e4henjagd-garnitur-im-2er-set-nebelkr\u00e4henruf-steinkauzruf-rabenv\u00f6geljagd-kr\u00e4henlocker-Kr\u00e4henruf-profi-lockjagd-web.jpg","type":"image\/jpeg"}],"twitter_card":"summary_large_image","twitter_misc":{"Est. reading time":"1 minute"},"schema":{"@context":"https:\/\/schema.org","@graph":[{"@type":"WebPage","@id":"https:\/\/www.wildlocker.at\/en\/product\/faulhaber-crow-set\/","url":"https:\/\/www.wildlocker.at\/en\/product\/faulhaber-crow-set\/","name":"Faulhaber Crow set calls","isPartOf":{"@id":"https:\/\/www.wildlocker.at\/#website"},"primaryImageOfPage":{"@id":"https:\/\/www.wildlocker.at\/en\/product\/faulhaber-crow-set\/#primaryimage"},"image":{"@id":"https:\/\/www.wildlocker.at\/en\/product\/faulhaber-crow-set\/#primaryimage"},"thumbnailUrl":"https:\/\/www.wildlocker.at\/wp-content\/uploads\/2015\/06\/faulhaber-wildlocker-kr\u00e4henjagd-garnitur-im-2er-set-nebelkr\u00e4henruf-steinkauzruf-rabenv\u00f6geljagd-kr\u00e4henlocker-Kr\u00e4henruf-profi-lockjagd-web.jpg","datePublished":"2015-06-20T13:00:47+00:00","dateModified":"2025-09-19T08:57:08+00:00","description":"Faulhaber Crow set calls","breadcrumb":{"@id":"https:\/\/www.wildlocker.at\/en\/product\/faulhaber-crow-set\/#breadcrumb"},"inLanguage":"en-US","potentialAction":[{"@type":"ReadAction","target":["https:\/\/www.wildlocker.at\/en\/product\/faulhaber-crow-set\/"]}]},{"@type":"ImageObject","inLanguage":"en-US","@id":"https:\/\/www.wildlocker.at\/en\/product\/faulhaber-crow-set\/#primaryimage","url":"https:\/\/www.wildlocker.at\/wp-content\/uploads\/2015\/06\/faulhaber-wildlocker-kr\u00e4henjagd-garnitur-im-2er-set-nebelkr\u00e4henruf-steinkauzruf-rabenv\u00f6geljagd-kr\u00e4henlocker-Kr\u00e4henruf-profi-lockjagd-web.jpg","contentUrl":"https:\/\/www.wildlocker.at\/wp-content\/uploads\/2015\/06\/faulhaber-wildlocker-kr\u00e4henjagd-garnitur-im-2er-set-nebelkr\u00e4henruf-steinkauzruf-rabenv\u00f6geljagd-kr\u00e4henlocker-Kr\u00e4henruf-profi-lockjagd-web.jpg","width":800,"height":800},{"@type":"BreadcrumbList","@id":"https:\/\/www.wildlocker.at\/en\/product\/faulhaber-crow-set\/#breadcrumb","itemListElement":[{"@type":"ListItem","position":1,"name":"Startseite","item":"https:\/\/www.wildlocker.at\/en\/"},{"@type":"ListItem","position":2,"name":"Shop","item":"https:\/\/www.wildlocker.at\/shop\/"},{"@type":"ListItem","position":3,"name":"FAULHABER crow set calls &#8211; in a set of two NEW"}]},{"@type":"WebSite","@id":"https:\/\/www.wildlocker.at\/#website","url":"https:\/\/www.wildlocker.at\/","name":"FAULHABER Wildlocker \/ Game Calls","description":"Onlineshop","publisher":{"@id":"https:\/\/www.wildlocker.at\/#organization"},"potentialAction":[{"@type":"SearchAction","target":{"@type":"EntryPoint","urlTemplate":"https:\/\/www.wildlocker.at\/?s={search_term_string}"},"query-input":{"@type":"PropertyValueSpecification","valueRequired":true,"valueName":"search_term_string"}}],"inLanguage":"en-US"},{"@type":"Organization","@id":"https:\/\/www.wildlocker.at\/#organization","name":"FAULHABER Wildlocker","url":"https:\/\/www.wildlocker.at\/","logo":{"@type":"ImageObject","inLanguage":"en-US","@id":"https:\/\/www.wildlocker.at\/#\/schema\/logo\/image\/","url":"https:\/\/www.wildlocker.at\/wp-content\/uploads\/2017\/09\/logo_faulhaber-1.png","contentUrl":"https:\/\/www.wildlocker.at\/wp-content\/uploads\/2017\/09\/logo_faulhaber-1.png","width":272,"height":110,"caption":"FAULHABER Wildlocker"},"image":{"@id":"https:\/\/www.wildlocker.at\/#\/schema\/logo\/image\/"},"sameAs":["https:\/\/www.facebook.com\/Faulhaber.Wildlocker\/"]}]}},"_links":{"self":[{"href":"https:\/\/www.wildlocker.at\/en\/wp-json\/wp\/v2\/product\/997","targetHints":{"allow":["GET"]}}],"collection":[{"href":"https:\/\/www.wildlocker.at\/en\/wp-json\/wp\/v2\/product"}],"about":[{"href":"https:\/\/www.wildlocker.at\/en\/wp-json\/wp\/v2\/types\/product"}],"replies":[{"embeddable":true,"href":"https:\/\/www.wildlocker.at\/en\/wp-json\/wp\/v2\/comments?post=997"}],"wp:featuredmedia":[{"embeddable":true,"href":"https:\/\/www.wildlocker.at\/en\/wp-json\/wp\/v2\/media\/2856"}],"wp:attachment":[{"href":"https:\/\/www.wildlocker.at\/en\/wp-json\/wp\/v2\/media?parent=997"}],"wp:term":[{"taxonomy":"product_brand","embeddable":true,"href":"https:\/\/www.wildlocker.at\/en\/wp-json\/wp\/v2\/product_brand?post=997"},{"taxonomy":"product_cat","embeddable":true,"href":"https:\/\/www.wildlocker.at\/en\/wp-json\/wp\/v2\/product_cat?post=997"},{"taxonomy":"product_tag","embeddable":true,"href":"https:\/\/www.wildlocker.at\/en\/wp-json\/wp\/v2\/product_tag?post=997"}],"curies":[{"name":"wp","href":"https:\/\/api.w.org\/{rel}","templated":true}]}}