{"id":998,"date":"2015-06-20T17:44:21","date_gmt":"2015-06-20T15:44:21","guid":{"rendered":"https:\/\/www.wildlocker.at\/wp\/produkt\/faulhaber-jay-call\/"},"modified":"2025-09-17T13:25:44","modified_gmt":"2025-09-17T11:25:44","slug":"faulhaber-jay-call","status":"publish","type":"product","link":"https:\/\/www.wildlocker.at\/en\/product\/faulhaber-jay-call\/","title":{"rendered":"FAULHABER jay call"},"content":{"rendered":"","protected":false},"excerpt":{"rendered":"<p><strong>Delivery time:<\/strong> 2-7 days<br \/>\n<strong>100% Made in Austria\u00a0 \u00a0 \u00a0 \u00a0 \u00a0 \u00a0 \u00a0 \u00a0 \u00a0 \u00a0 \u00a0 \u00a0 \u00a0 \u00a0 \u00a0 \u00a0 \u00a0 \u00a0 \u00a0 \u00a0 \u00a0 <a href=\"https:\/\/www.wildlocker.at\/wp-content\/uploads\/2015\/06\/28-Jay-Bird-call-Eichelhaeher-A6-EN.-2021-mit-EN.pdf\" target=\"_blank\" rel=\"noopener\"><span style=\"color: #339966;\">Download<\/span><\/a><br \/>\n<span style=\"color: #339966;\">In stock<\/span><\/strong><\/p>\n<hr \/>\n<p><strong>Color: <\/strong>green<br \/>\n<strong>Material:<\/strong> acoustic synthetic alloy, in a weatherproof casing<\/p>\n<p>The FAULHABER jay call (Eichelh\u00e4her) is used for the reduction of the population of this dangerous pillager of nests. lt can be used all the year round, but hunting jay-birds with the call will give the most satisfactory results in May and April as during spring time the brood of many birds can be better protected. A membrane imitates the calls in a deceptive way.<\/p>\n<p>&nbsp;<\/p>\n","protected":false},"featured_media":3022,"comment_status":"open","ping_status":"closed","template":"","meta":{"ocean_post_layout":"","ocean_both_sidebars_style":"","ocean_both_sidebars_content_width":0,"ocean_both_sidebars_sidebars_width":0,"ocean_sidebar":"0","ocean_second_sidebar":"0","ocean_disable_margins":"enable","ocean_add_body_class":"","ocean_shortcode_before_top_bar":"","ocean_shortcode_after_top_bar":"","ocean_shortcode_before_header":"","ocean_shortcode_after_header":"","ocean_has_shortcode":"","ocean_shortcode_after_title":"","ocean_shortcode_before_footer_widgets":"","ocean_shortcode_after_footer_widgets":"","ocean_shortcode_before_footer_bottom":"","ocean_shortcode_after_footer_bottom":"","ocean_display_top_bar":"default","ocean_display_header":"default","ocean_header_style":"","ocean_center_header_left_menu":"0","ocean_custom_header_template":"0","ocean_custom_logo":0,"ocean_custom_retina_logo":0,"ocean_custom_logo_max_width":0,"ocean_custom_logo_tablet_max_width":0,"ocean_custom_logo_mobile_max_width":0,"ocean_custom_logo_max_height":0,"ocean_custom_logo_tablet_max_height":0,"ocean_custom_logo_mobile_max_height":0,"ocean_header_custom_menu":"0","ocean_menu_typo_font_family":"0","ocean_menu_typo_font_subset":"","ocean_menu_typo_font_size":0,"ocean_menu_typo_font_size_tablet":0,"ocean_menu_typo_font_size_mobile":0,"ocean_menu_typo_font_size_unit":"px","ocean_menu_typo_font_weight":"","ocean_menu_typo_font_weight_tablet":"","ocean_menu_typo_font_weight_mobile":"","ocean_menu_typo_transform":"","ocean_menu_typo_transform_tablet":"","ocean_menu_typo_transform_mobile":"","ocean_menu_typo_line_height":0,"ocean_menu_typo_line_height_tablet":0,"ocean_menu_typo_line_height_mobile":0,"ocean_menu_typo_line_height_unit":"","ocean_menu_typo_spacing":0,"ocean_menu_typo_spacing_tablet":0,"ocean_menu_typo_spacing_mobile":0,"ocean_menu_typo_spacing_unit":"","ocean_menu_link_color":"","ocean_menu_link_color_hover":"","ocean_menu_link_color_active":"","ocean_menu_link_background":"","ocean_menu_link_hover_background":"","ocean_menu_link_active_background":"","ocean_menu_social_links_bg":"","ocean_menu_social_hover_links_bg":"","ocean_menu_social_links_color":"","ocean_menu_social_hover_links_color":"","ocean_disable_title":"default","ocean_disable_heading":"default","ocean_post_title":"","ocean_post_subheading":"","ocean_post_title_style":"","ocean_post_title_background_color":"","ocean_post_title_background":0,"ocean_post_title_bg_image_position":"","ocean_post_title_bg_image_attachment":"","ocean_post_title_bg_image_repeat":"","ocean_post_title_bg_image_size":"","ocean_post_title_height":0,"ocean_post_title_bg_overlay":0.5,"ocean_post_title_bg_overlay_color":"","ocean_disable_breadcrumbs":"default","ocean_breadcrumbs_color":"","ocean_breadcrumbs_separator_color":"","ocean_breadcrumbs_links_color":"","ocean_breadcrumbs_links_hover_color":"","ocean_display_footer_widgets":"default","ocean_display_footer_bottom":"default","ocean_custom_footer_template":"0","osh_disable_topbar_sticky":"default","osh_disable_header_sticky":"default","osh_sticky_header_style":"default","osh_sticky_header_effect":"","osh_custom_sticky_logo":0,"osh_custom_retina_sticky_logo":0,"osh_custom_sticky_logo_height":0,"osh_background_color":"","osh_links_color":"","osh_links_hover_color":"","osh_links_active_color":"","osh_links_bg_color":"","osh_links_hover_bg_color":"","osh_links_active_bg_color":"","osh_menu_social_links_color":"","osh_menu_social_hover_links_color":""},"product_brand":[],"product_cat":[154],"product_tag":[],"class_list":{"0":"post-998","1":"product","2":"type-product","3":"status-publish","4":"has-post-thumbnail","6":"product_cat-jay-call","8":"entry","9":"has-media","11":"first","12":"instock","13":"taxable","14":"shipping-taxable","15":"purchasable","16":"product-type-simple","17":"col","18":"span_1_of_3","19":"owp-content-center","20":"owp-thumbs-layout-horizontal","21":"owp-btn-normal","22":"owp-tabs-layout-horizontal"},"yoast_head":"<!-- This site is optimized with the Yoast SEO plugin v26.4 - https:\/\/yoast.com\/wordpress\/plugins\/seo\/ -->\n<title>FAULHABER jay call - FAULHABER Wildlocker \/ Game Calls<\/title>\n<meta name=\"robots\" content=\"index, follow, max-snippet:-1, max-image-preview:large, max-video-preview:-1\" \/>\n<link rel=\"canonical\" href=\"https:\/\/www.wildlocker.at\/en\/product\/faulhaber-jay-call\/\" \/>\n<meta property=\"og:locale\" content=\"en_US\" \/>\n<meta property=\"og:type\" content=\"article\" \/>\n<meta property=\"og:title\" content=\"FAULHABER jay call - FAULHABER Wildlocker \/ Game Calls\" \/>\n<meta property=\"og:description\" content=\"Delivery time: 2-7 days 100% Made in Austria\u00a0 \u00a0 \u00a0 \u00a0 \u00a0 \u00a0 \u00a0 \u00a0 \u00a0 \u00a0 \u00a0 \u00a0 \u00a0 \u00a0 \u00a0 \u00a0 \u00a0 \u00a0 \u00a0 \u00a0 \u00a0 Download In stock    Color: green Material: acoustic synthetic alloy, in a weatherproof casing  The FAULHABER jay call (Eichelh\u00e4her) is used for the reduction of the population of this dangerous pillager of nests. lt can be used all the year round, but hunting jay-birds with the call will give the most satisfactory results in May and April as during spring time the brood of many birds can be better protected. A membrane imitates the calls in a deceptive way.  &nbsp;\" \/>\n<meta property=\"og:url\" content=\"https:\/\/www.wildlocker.at\/en\/product\/faulhaber-jay-call\/\" \/>\n<meta property=\"og:site_name\" content=\"FAULHABER Wildlocker \/ Game Calls\" \/>\n<meta property=\"article:publisher\" content=\"https:\/\/www.facebook.com\/Faulhaber.Wildlocker\/\" \/>\n<meta property=\"article:modified_time\" content=\"2025-09-17T11:25:44+00:00\" \/>\n<meta property=\"og:image\" content=\"https:\/\/www.wildlocker.at\/wp-content\/uploads\/2015\/06\/faulhaber-wildlocker-eichelh\u00e4herlocker-eichelh\u00e4herruf-eichelh\u00e4herlockruf-eichelh\u00e4herjagd-profi-lockjagd-web.jpg\" \/>\n\t<meta property=\"og:image:width\" content=\"800\" \/>\n\t<meta property=\"og:image:height\" content=\"800\" \/>\n\t<meta property=\"og:image:type\" content=\"image\/jpeg\" \/>\n<meta name=\"twitter:card\" content=\"summary_large_image\" \/>\n<meta name=\"twitter:label1\" content=\"Est. reading time\" \/>\n\t<meta name=\"twitter:data1\" content=\"1 minute\" \/>\n<script type=\"application\/ld+json\" class=\"yoast-schema-graph\">{\"@context\":\"https:\/\/schema.org\",\"@graph\":[{\"@type\":\"WebPage\",\"@id\":\"https:\/\/www.wildlocker.at\/en\/product\/faulhaber-jay-call\/\",\"url\":\"https:\/\/www.wildlocker.at\/en\/product\/faulhaber-jay-call\/\",\"name\":\"FAULHABER jay call - FAULHABER Wildlocker \/ Game Calls\",\"isPartOf\":{\"@id\":\"https:\/\/www.wildlocker.at\/#website\"},\"primaryImageOfPage\":{\"@id\":\"https:\/\/www.wildlocker.at\/en\/product\/faulhaber-jay-call\/#primaryimage\"},\"image\":{\"@id\":\"https:\/\/www.wildlocker.at\/en\/product\/faulhaber-jay-call\/#primaryimage\"},\"thumbnailUrl\":\"https:\/\/www.wildlocker.at\/wp-content\/uploads\/2015\/06\/faulhaber-wildlocker-eichelh\u00e4herlocker-eichelh\u00e4herruf-eichelh\u00e4herlockruf-eichelh\u00e4herjagd-profi-lockjagd-web.jpg\",\"datePublished\":\"2015-06-20T15:44:21+00:00\",\"dateModified\":\"2025-09-17T11:25:44+00:00\",\"breadcrumb\":{\"@id\":\"https:\/\/www.wildlocker.at\/en\/product\/faulhaber-jay-call\/#breadcrumb\"},\"inLanguage\":\"en-US\",\"potentialAction\":[{\"@type\":\"ReadAction\",\"target\":[\"https:\/\/www.wildlocker.at\/en\/product\/faulhaber-jay-call\/\"]}]},{\"@type\":\"ImageObject\",\"inLanguage\":\"en-US\",\"@id\":\"https:\/\/www.wildlocker.at\/en\/product\/faulhaber-jay-call\/#primaryimage\",\"url\":\"https:\/\/www.wildlocker.at\/wp-content\/uploads\/2015\/06\/faulhaber-wildlocker-eichelh\u00e4herlocker-eichelh\u00e4herruf-eichelh\u00e4herlockruf-eichelh\u00e4herjagd-profi-lockjagd-web.jpg\",\"contentUrl\":\"https:\/\/www.wildlocker.at\/wp-content\/uploads\/2015\/06\/faulhaber-wildlocker-eichelh\u00e4herlocker-eichelh\u00e4herruf-eichelh\u00e4herlockruf-eichelh\u00e4herjagd-profi-lockjagd-web.jpg\",\"width\":800,\"height\":800},{\"@type\":\"BreadcrumbList\",\"@id\":\"https:\/\/www.wildlocker.at\/en\/product\/faulhaber-jay-call\/#breadcrumb\",\"itemListElement\":[{\"@type\":\"ListItem\",\"position\":1,\"name\":\"Startseite\",\"item\":\"https:\/\/www.wildlocker.at\/en\/\"},{\"@type\":\"ListItem\",\"position\":2,\"name\":\"Shop\",\"item\":\"https:\/\/www.wildlocker.at\/shop\/\"},{\"@type\":\"ListItem\",\"position\":3,\"name\":\"FAULHABER jay call\"}]},{\"@type\":\"WebSite\",\"@id\":\"https:\/\/www.wildlocker.at\/#website\",\"url\":\"https:\/\/www.wildlocker.at\/\",\"name\":\"FAULHABER Wildlocker \/ Game Calls\",\"description\":\"Onlineshop\",\"publisher\":{\"@id\":\"https:\/\/www.wildlocker.at\/#organization\"},\"potentialAction\":[{\"@type\":\"SearchAction\",\"target\":{\"@type\":\"EntryPoint\",\"urlTemplate\":\"https:\/\/www.wildlocker.at\/?s={search_term_string}\"},\"query-input\":{\"@type\":\"PropertyValueSpecification\",\"valueRequired\":true,\"valueName\":\"search_term_string\"}}],\"inLanguage\":\"en-US\"},{\"@type\":\"Organization\",\"@id\":\"https:\/\/www.wildlocker.at\/#organization\",\"name\":\"FAULHABER Wildlocker\",\"url\":\"https:\/\/www.wildlocker.at\/\",\"logo\":{\"@type\":\"ImageObject\",\"inLanguage\":\"en-US\",\"@id\":\"https:\/\/www.wildlocker.at\/#\/schema\/logo\/image\/\",\"url\":\"https:\/\/www.wildlocker.at\/wp-content\/uploads\/2017\/09\/logo_faulhaber-1.png\",\"contentUrl\":\"https:\/\/www.wildlocker.at\/wp-content\/uploads\/2017\/09\/logo_faulhaber-1.png\",\"width\":272,\"height\":110,\"caption\":\"FAULHABER Wildlocker\"},\"image\":{\"@id\":\"https:\/\/www.wildlocker.at\/#\/schema\/logo\/image\/\"},\"sameAs\":[\"https:\/\/www.facebook.com\/Faulhaber.Wildlocker\/\"]}]}<\/script>\n<!-- \/ Yoast SEO plugin. -->","yoast_head_json":{"title":"FAULHABER jay call - FAULHABER Wildlocker \/ Game Calls","robots":{"index":"index","follow":"follow","max-snippet":"max-snippet:-1","max-image-preview":"max-image-preview:large","max-video-preview":"max-video-preview:-1"},"canonical":"https:\/\/www.wildlocker.at\/en\/product\/faulhaber-jay-call\/","og_locale":"en_US","og_type":"article","og_title":"FAULHABER jay call - FAULHABER Wildlocker \/ Game Calls","og_description":"Delivery time: 2-7 days 100% Made in Austria\u00a0 \u00a0 \u00a0 \u00a0 \u00a0 \u00a0 \u00a0 \u00a0 \u00a0 \u00a0 \u00a0 \u00a0 \u00a0 \u00a0 \u00a0 \u00a0 \u00a0 \u00a0 \u00a0 \u00a0 \u00a0 Download In stock    Color: green Material: acoustic synthetic alloy, in a weatherproof casing  The FAULHABER jay call (Eichelh\u00e4her) is used for the reduction of the population of this dangerous pillager of nests. lt can be used all the year round, but hunting jay-birds with the call will give the most satisfactory results in May and April as during spring time the brood of many birds can be better protected. A membrane imitates the calls in a deceptive way.  &nbsp;","og_url":"https:\/\/www.wildlocker.at\/en\/product\/faulhaber-jay-call\/","og_site_name":"FAULHABER Wildlocker \/ Game Calls","article_publisher":"https:\/\/www.facebook.com\/Faulhaber.Wildlocker\/","article_modified_time":"2025-09-17T11:25:44+00:00","og_image":[{"width":800,"height":800,"url":"https:\/\/www.wildlocker.at\/wp-content\/uploads\/2015\/06\/faulhaber-wildlocker-eichelh\u00e4herlocker-eichelh\u00e4herruf-eichelh\u00e4herlockruf-eichelh\u00e4herjagd-profi-lockjagd-web.jpg","type":"image\/jpeg"}],"twitter_card":"summary_large_image","twitter_misc":{"Est. reading time":"1 minute"},"schema":{"@context":"https:\/\/schema.org","@graph":[{"@type":"WebPage","@id":"https:\/\/www.wildlocker.at\/en\/product\/faulhaber-jay-call\/","url":"https:\/\/www.wildlocker.at\/en\/product\/faulhaber-jay-call\/","name":"FAULHABER jay call - FAULHABER Wildlocker \/ Game Calls","isPartOf":{"@id":"https:\/\/www.wildlocker.at\/#website"},"primaryImageOfPage":{"@id":"https:\/\/www.wildlocker.at\/en\/product\/faulhaber-jay-call\/#primaryimage"},"image":{"@id":"https:\/\/www.wildlocker.at\/en\/product\/faulhaber-jay-call\/#primaryimage"},"thumbnailUrl":"https:\/\/www.wildlocker.at\/wp-content\/uploads\/2015\/06\/faulhaber-wildlocker-eichelh\u00e4herlocker-eichelh\u00e4herruf-eichelh\u00e4herlockruf-eichelh\u00e4herjagd-profi-lockjagd-web.jpg","datePublished":"2015-06-20T15:44:21+00:00","dateModified":"2025-09-17T11:25:44+00:00","breadcrumb":{"@id":"https:\/\/www.wildlocker.at\/en\/product\/faulhaber-jay-call\/#breadcrumb"},"inLanguage":"en-US","potentialAction":[{"@type":"ReadAction","target":["https:\/\/www.wildlocker.at\/en\/product\/faulhaber-jay-call\/"]}]},{"@type":"ImageObject","inLanguage":"en-US","@id":"https:\/\/www.wildlocker.at\/en\/product\/faulhaber-jay-call\/#primaryimage","url":"https:\/\/www.wildlocker.at\/wp-content\/uploads\/2015\/06\/faulhaber-wildlocker-eichelh\u00e4herlocker-eichelh\u00e4herruf-eichelh\u00e4herlockruf-eichelh\u00e4herjagd-profi-lockjagd-web.jpg","contentUrl":"https:\/\/www.wildlocker.at\/wp-content\/uploads\/2015\/06\/faulhaber-wildlocker-eichelh\u00e4herlocker-eichelh\u00e4herruf-eichelh\u00e4herlockruf-eichelh\u00e4herjagd-profi-lockjagd-web.jpg","width":800,"height":800},{"@type":"BreadcrumbList","@id":"https:\/\/www.wildlocker.at\/en\/product\/faulhaber-jay-call\/#breadcrumb","itemListElement":[{"@type":"ListItem","position":1,"name":"Startseite","item":"https:\/\/www.wildlocker.at\/en\/"},{"@type":"ListItem","position":2,"name":"Shop","item":"https:\/\/www.wildlocker.at\/shop\/"},{"@type":"ListItem","position":3,"name":"FAULHABER jay call"}]},{"@type":"WebSite","@id":"https:\/\/www.wildlocker.at\/#website","url":"https:\/\/www.wildlocker.at\/","name":"FAULHABER Wildlocker \/ Game Calls","description":"Onlineshop","publisher":{"@id":"https:\/\/www.wildlocker.at\/#organization"},"potentialAction":[{"@type":"SearchAction","target":{"@type":"EntryPoint","urlTemplate":"https:\/\/www.wildlocker.at\/?s={search_term_string}"},"query-input":{"@type":"PropertyValueSpecification","valueRequired":true,"valueName":"search_term_string"}}],"inLanguage":"en-US"},{"@type":"Organization","@id":"https:\/\/www.wildlocker.at\/#organization","name":"FAULHABER Wildlocker","url":"https:\/\/www.wildlocker.at\/","logo":{"@type":"ImageObject","inLanguage":"en-US","@id":"https:\/\/www.wildlocker.at\/#\/schema\/logo\/image\/","url":"https:\/\/www.wildlocker.at\/wp-content\/uploads\/2017\/09\/logo_faulhaber-1.png","contentUrl":"https:\/\/www.wildlocker.at\/wp-content\/uploads\/2017\/09\/logo_faulhaber-1.png","width":272,"height":110,"caption":"FAULHABER Wildlocker"},"image":{"@id":"https:\/\/www.wildlocker.at\/#\/schema\/logo\/image\/"},"sameAs":["https:\/\/www.facebook.com\/Faulhaber.Wildlocker\/"]}]}},"_links":{"self":[{"href":"https:\/\/www.wildlocker.at\/en\/wp-json\/wp\/v2\/product\/998","targetHints":{"allow":["GET"]}}],"collection":[{"href":"https:\/\/www.wildlocker.at\/en\/wp-json\/wp\/v2\/product"}],"about":[{"href":"https:\/\/www.wildlocker.at\/en\/wp-json\/wp\/v2\/types\/product"}],"replies":[{"embeddable":true,"href":"https:\/\/www.wildlocker.at\/en\/wp-json\/wp\/v2\/comments?post=998"}],"wp:featuredmedia":[{"embeddable":true,"href":"https:\/\/www.wildlocker.at\/en\/wp-json\/wp\/v2\/media\/3022"}],"wp:attachment":[{"href":"https:\/\/www.wildlocker.at\/en\/wp-json\/wp\/v2\/media?parent=998"}],"wp:term":[{"taxonomy":"product_brand","embeddable":true,"href":"https:\/\/www.wildlocker.at\/en\/wp-json\/wp\/v2\/product_brand?post=998"},{"taxonomy":"product_cat","embeddable":true,"href":"https:\/\/www.wildlocker.at\/en\/wp-json\/wp\/v2\/product_cat?post=998"},{"taxonomy":"product_tag","embeddable":true,"href":"https:\/\/www.wildlocker.at\/en\/wp-json\/wp\/v2\/product_tag?post=998"}],"curies":[{"name":"wp","href":"https:\/\/api.w.org\/{rel}","templated":true}]}}